{"id":21,"date":"2018-11-27T09:11:41","date_gmt":"2018-11-27T09:11:41","guid":{"rendered":"http:\/\/localhost\/yootheme-pro\/2019\/craft\/Website_WP\/index.php\/home\/"},"modified":"2025-11-09T23:14:24","modified_gmt":"2025-11-09T23:14:24","slug":"home","status":"publish","type":"page","link":"https:\/\/copy.ba\/","title":{"rendered":"Home"},"content":{"rendered":"<ul>\n<li>\n<p>        <img decoding=\"async\" src=\"wp-content\/uploads\/5.png\" alt=\"\"><\/p>\n<h1>Plotanje<\/h1>\n<p>\u0160tampa Velikih formata <\/p>\n<\/li>\n<li>\n<p>        <img decoding=\"async\" src=\"wp-content\/uploads\/1-2.png\" alt=\"\"><\/p>\n<h1>Promo materijal <\/h1>\n<p>Upalja\u010di, olovke, PVC kartice&#8230;<\/p>\n<\/li>\n<li>\n<p>        <img decoding=\"async\" src=\"wp-content\/uploads\/j.png\" alt=\"\"><\/p>\n<h1>DTF<\/h1>\n<p>Print na tekstilu, Majice, cekeri&#8230; <\/p>\n<\/li>\n<li>\n<p>        <img decoding=\"async\" src=\"wp-content\/uploads\/2.png\" alt=\"\"><\/p>\n<h1>Copy centar<\/h1>\n<p>Printanje, kopiranje uvezivanje&#8230;.<\/p>\n<\/li>\n<\/ul>\n<h2>Na\u0161e usluge:<\/h2>\n<\/p>\n<ul>\n<li>\n<p>        <a href=\"index.php?page_id=29\"><img decoding=\"async\" src=\"wp-content\/uploads\/1_Page_5.jpg\" alt=\"\"><\/a><\/p>\n<h3>Printanje i uvezivanje<\/h3>\n<div>\n<p><a class=\"uk-button uk-button-text\">More Details<\/a><\/p>\n<\/div>\n<\/li>\n<li>\n<p>        <a href=\"index.php?page_id=30\"><img decoding=\"async\" src=\"wp-content\/uploads\/1_Page_4.jpg\" alt=\"\"><\/a><\/p>\n<h3>Plotanje<\/h3>\n<p>\u0160tampa velikih formata<\/p>\n<div>\n<p><a class=\"uk-button uk-button-text\">More Details<\/a><\/p>\n<\/div>\n<\/li>\n<\/ul>\n<ul>\n<li>\n<p>        <a href=\"index.php?page_id=29\"><img decoding=\"async\" src=\"wp-content\/uploads\/1_Page_1.jpg\" alt=\"\"><\/a><\/p>\n<h3>Promo<\/h3>\n<p>Olovke, upaljaci, rokovnici&#8230;. <\/p>\n<div>\n<p><a class=\"uk-button uk-button-text\">More Details<\/a><\/p>\n<\/div>\n<\/li>\n<li>\n<p>        <a href=\"index.php?page_id=29\"><img decoding=\"async\" src=\"wp-content\/uploads\/1_Page_2.jpg\" alt=\"\"><\/a><\/p>\n<h3>Pokloni<\/h3>\n<p>\u0160olje,otiraci,led lampe,zippo&#8230;<\/p>\n<div>\n<p><a class=\"uk-button uk-button-text\">More Details<\/a><\/p>\n<\/div>\n<\/li>\n<li>\n<p>        <a href=\"index.php?page_id=29\"><img decoding=\"async\" src=\"wp-content\/uploads\/1_Page_3.jpg\" alt=\"\"><\/a><\/p>\n<h3>DTF <\/h3>\n<p>Print majica,cekera,tekstila&#8230;.<\/p>\n<div>\n<p><a class=\"uk-button uk-button-text\">More Details<\/a><\/p>\n<\/div>\n<\/li>\n<\/ul>\n<p><!-- {\"name\":\"Footer\",\"type\":\"layout\",\"children\":[{\"name\":\"Hero\",\"type\":\"section\",\"props\":{\"style\":\"default\",\"width\":\"\",\"vertical_align\":\"\",\"title_position\":\"top-left\",\"title_rotation\":\"left\",\"title_breakpoint\":\"xl\",\"image_position\":\"center-center\",\"width_expand\":\"\",\"height\":\"percent\",\"padding\":\"none\",\"header_transparent\":\"\",\"animation\":\"\",\"padding_remove_top\":false,\"image_effect\":\"\"},\"children\":[{\"name\":\"\",\"type\":\"row\",\"props\":{\"fixed_width\":\"large\",\"breakpoint\":\"m\",\"layout\":\"1-1\",\"gutter\":\"\",\"width\":\"\",\"height\":\"\",\"margin\":\"\",\"margin_remove_top\":false},\"children\":[{\"name\":\"\",\"type\":\"column\",\"props\":{\"widths\":[\"1-1\"],\"image_position\":\"center-center\",\"media_overlay_gradient\":\"\"},\"children\":[{\"name\":\"\",\"type\":\"slideshow\",\"props\":{\"show_title\":true,\"show_meta\":true,\"show_content\":true,\"show_link\":true,\"show_thumbnail\":true,\"slideshow_min_height\":\"500\",\"slideshow_autoplay_pause\":false,\"nav\":\"thumbnav\",\"nav_position\":\"bottom-center\",\"nav_position_margin\":\"medium\",\"nav_align\":\"center\",\"nav_breakpoint\":\"\",\"thumbnav_width\":\"150\",\"thumbnav_height\":\"100\",\"slidenav\":\"\",\"slidenav_margin\":\"\",\"slidenav_breakpoint\":\"m\",\"slidenav_outside_breakpoint\":\"xl\",\"overlay_position\":\"center\",\"overlay_animation\":\"parallax\",\"title_element\":\"h1\",\"meta_style\":\"h4\",\"meta_align\":\"above-title\",\"link_text\":\"Read more\",\"link_style\":\"default\",\"margin\":\"default\",\"slideshow_height\":\"percent\",\"text_color\":\"\",\"slideshow_box_shadow\":\"\",\"slideshow_box_decoration\":\"\",\"slideshow_animation\":\"fade\",\"slideshow_kenburns\":\"top-center\",\"nav_color\":\"\",\"slidenav_outside_color\":\"\",\"overlay_container\":\"\",\"overlay_container_padding\":\"\",\"overlay_margin\":\"\",\"overlay_style\":\"\",\"overlay_padding\":\"\",\"overlay_width\":\"\",\"title_style\":\"heading-xlarge\",\"title_decoration\":\"\",\"title_color\":\"\",\"meta_margin\":\"\",\"content_style\":\"\",\"link_size\":\"\",\"text_align\":\"center\",\"text_align_breakpoint\":\"\",\"text_align_fallback\":\"\",\"maxwidth\":\"\",\"maxwidth_breakpoint\":\"\",\"animation\":\"parallax\",\"visibility\":\"\",\"slideshow_max_height\":\"\",\"container_padding_remove\":false,\"slidenav_hover\":true,\"slidenav_large\":false,\"margin_remove_top\":false,\"nav_below\":false,\"nav_margin\":\"\",\"image_height\":\"\",\"nav_vertical\":false,\"overlay_parallax_scale_start\":\"\",\"overlay_parallax_scale_end\":\"\",\"title_parallax_scale_start\":\"\",\"title_parallax_scale_end\":\"\",\"title_parallax_rotate_start\":\"\",\"title_parallax_rotate_end\":\"\",\"title_parallax_x_start\":\"\",\"title_parallax_x_end\":\"\",\"overlay_parallax_x_start\":\"\",\"title_parallax_y_start\":\"\",\"css\":\"\",\"thumbnav_nowrap\":true,\"meta_color\":\"muted\",\"parallax_breakpoint\":\"m\",\"parallax_x_start\":\"\",\"parallax_target\":false,\"title_parallax_opacity_start\":\"\",\"title_parallax_opacity_end\":\"\",\"overlay_parallax_x_end\":\"\",\"overlay_parallax_y_end\":\"\",\"overlay_parallax_y_start\":\"\",\"title_parallax_y_end\":\"\",\"slideshow_velocity\":\"1.7\",\"image_width\":\"2560\",\"parallax_y_start\":\"0\",\"parallax_y_end\":\"-50\",\"parallax_viewport\":\"\",\"thumbnav_svg_color\":\"emphasis\",\"title_margin\":\"remove\",\"block_align\":\"\",\"title_font_family\":\"\",\"content_margin\":\"\",\"link_margin\":\"\",\"position\":\"\",\"position_z_index\":\"\",\"block_align_breakpoint\":\"\",\"block_align_fallback\":\"\",\"slideshow_autoplay\":true,\"slideshow_autoplay_interval\":\"5\",\"slideshow_kenburns_duration\":\"10\"},\"children\":[{\"name\":\"\",\"type\":\"slideshow_item\",\"props\":{\"text_color\":\"light\",\"image\":\"wp-content\\\/uploads\\\/5.png\",\"title\":\"Plotanje\",\"media_blend_mode\":\"\",\"content\":\"\",\"meta\":\"\\u0160tampa Velikih formata \"}},{\"name\":\"\",\"type\":\"slideshow_item\",\"props\":{\"text_color\":\"light\",\"image\":\"wp-content\\\/uploads\\\/1-2.png\",\"title\":\"Promo materijal \",\"media_blend_mode\":\"\",\"content\":\"\",\"meta\":\"Upalja\\u010di, olovke, PVC kartice...\"}},{\"name\":\"\",\"type\":\"slideshow_item\",\"props\":{\"text_color\":\"light\",\"image\":\"wp-content\\\/uploads\\\/j.png\",\"title\":\"DTF\",\"media_blend_mode\":\"\",\"content\":\"\",\"meta\":\"Print na tekstilu, Majice, cekeri... \"}},{\"name\":\"\",\"type\":\"slideshow_item\",\"props\":{\"text_color\":\"light\",\"image\":\"wp-content\\\/uploads\\\/2.png\",\"title\":\"Copy centar\",\"media_blend_mode\":\"\",\"content\":\"\",\"meta\":\"Printanje, kopiranje uvezivanje....\"}}]}]}]}]},{\"name\":\"About\",\"type\":\"section\",\"props\":{\"style\":\"default\",\"width\":\"default\",\"vertical_align\":\"middle\",\"title_position\":\"top-left\",\"title_rotation\":\"left\",\"title_breakpoint\":\"xl\",\"image_position\":\"center-center\",\"width_expand\":\"\",\"height\":\"\",\"padding\":\"large\",\"header_transparent\":\"\",\"animation\":\"\",\"padding_remove_top\":false,\"animation_delay\":false,\"image_effect\":\"\"},\"children\":[{\"name\":\"\",\"type\":\"row\",\"props\":{\"fixed_width\":\"large\",\"breakpoint\":\"m\",\"layout\":\"1-1\",\"gutter\":\"\",\"width\":\"\",\"height\":\"\",\"margin\":\"large\",\"width_expand\":\"\"},\"children\":[{\"name\":\"\",\"type\":\"column\",\"props\":{\"widths\":[\"1-1\"],\"image_position\":\"center-center\",\"media_overlay_gradient\":\"\"},\"children\":[{\"name\":\"\",\"type\":\"divider\",\"props\":{\"divider_element\":\"div\",\"divider_style\":\"small\",\"divider_align\":\"center\",\"divider_align_breakpoint\":\"\",\"divider_align_fallback\":\"\",\"maxwidth\":\"\",\"maxwidth_breakpoint\":\"\",\"margin\":\"\",\"animation\":\"slide-bottom-medium\",\"visibility\":\"\",\"block_align\":\"\",\"position\":\"\",\"position_z_index\":\"\",\"block_align_breakpoint\":\"\",\"block_align_fallback\":\"\"}}]}]}]},{\"name\":\"Services\",\"type\":\"section\",\"props\":{\"style\":\"default\",\"width\":\"\",\"vertical_align\":\"middle\",\"title_position\":\"top-left\",\"title_rotation\":\"left\",\"title_breakpoint\":\"xl\",\"image_position\":\"center-center\",\"width_expand\":\"\",\"height\":\"\",\"padding\":\"\",\"header_transparent\":\"\",\"animation\":\"\",\"padding_remove_top\":false,\"padding_remove_bottom\":true,\"animation_delay\":false,\"image_effect\":\"\"},\"children\":[{\"name\":\"\",\"type\":\"row\",\"props\":{\"fixed_width\":\"large\",\"breakpoint\":\"m\",\"layout\":\",2-3\",\"gutter\":\"small\",\"width\":\"\",\"height\":\"\",\"margin\":\"\",\"match\":false,\"margin_remove_bottom\":false,\"margin_remove_top\":false},\"children\":[{\"name\":\"\",\"type\":\"column\",\"props\":{\"widths\":[\"\"],\"image_position\":\"center-center\",\"vertical_align\":\"middle\",\"style\":\"\",\"text_color\":\"\",\"padding\":\"\",\"media_overlay_gradient\":\"\"},\"children\":[{\"name\":\"\",\"type\":\"headline\",\"props\":{\"title_element\":\"h2\",\"title_style\":\"heading-medium\",\"title_decoration\":\"\",\"title_color\":\"\",\"text_align\":\"left\",\"text_align_breakpoint\":\"xl\",\"text_align_fallback\":\"center\",\"maxwidth\":\"large\",\"maxwidth_breakpoint\":\"m\",\"margin\":\"\",\"animation\":\"parallax\",\"visibility\":\"\",\"content\":\"Na\\u0161e usluge:\",\"parallax_breakpoint\":\"m\",\"parallax_x_end\":\"\",\"parallax_x_start\":\"\",\"parallax_y_start\":\"15\",\"parallax_y_end\":\"0\",\"parallax_opacity_start\":\"0.3\",\"parallax_opacity_end\":\"1\",\"parallax_viewport\":\"0.3\",\"block_align\":\"center\",\"title_font_family\":\"\",\"position\":\"\",\"position_z_index\":\"\",\"block_align_breakpoint\":\"\",\"block_align_fallback\":\"\"}},{\"name\":\"\",\"type\":\"button\",\"props\":{\"gutter\":\"small\",\"margin\":\"default\",\"button_size\":\"\",\"text_align\":\"left\",\"text_align_breakpoint\":\"xl\",\"text_align_fallback\":\"center\",\"maxwidth\":\"large\",\"maxwidth_breakpoint\":\"\",\"animation\":\"none\",\"visibility\":\"\",\"parallax_breakpoint\":\"\",\"parallax_x_start\":\"100\",\"parallax_x_end\":\"150\",\"margin_remove_bottom\":false,\"css\":\"@media (max-width: 1460px)  {\\n\\t.el-element { margin-bottom: 70px; }\\n}\",\"block_align\":\"center\",\"position\":\"\",\"position_z_index\":\"\",\"block_align_breakpoint\":\"\",\"block_align_fallback\":\"\"},\"children\":[{\"name\":\"\",\"type\":\"button_item\",\"props\":{\"button_style\":\"text\",\"icon_align\":\"left\",\"link_target\":\"\",\"content\":\"\",\"link\":\"\"}}]}]},{\"name\":\"\",\"type\":\"column\",\"props\":{\"widths\":[\"2-3\"],\"image_position\":\"center-center\",\"media_overlay_gradient\":\"\"},\"children\":[{\"name\":\"\",\"type\":\"gallery\",\"props\":{\"show_title\":true,\"show_meta\":true,\"show_content\":false,\"show_link\":true,\"show_hover_image\":true,\"grid_default\":\"1\",\"grid_medium\":\"\",\"filter_style\":\"tab\",\"filter_all\":true,\"filter_position\":\"top\",\"filter_align\":\"left\",\"filter_grid_width\":\"auto\",\"filter_breakpoint\":\"m\",\"overlay_mode\":\"caption\",\"overlay_position\":\"center\",\"overlay_transition\":\"fade\",\"title_element\":\"h3\",\"meta_style\":\"\",\"meta_align\":\"below-title\",\"text_align\":\"center\",\"margin\":\"\",\"gutter\":\"small\",\"grid_small\":\"2\",\"grid_large\":\"\",\"grid_xlarge\":\"\",\"filter_margin\":\"\",\"filter_gutter\":\"\",\"title_display\":\"\",\"content_display\":\"\",\"item_maxwidth\":\"\",\"overlay_style\":\"overlay-default\",\"text_color\":\"\",\"overlay_padding\":\"small\",\"overlay_margin\":\"medium\",\"overlay_maxwidth\":\"medium\",\"image_transition\":\"scale-up\",\"image_box_shadow\":\"\",\"image_hover_box_shadow\":\"\",\"image_box_decoration\":\"\",\"title_transition\":\"\",\"title_style\":\"h2\",\"title_decoration\":\"\",\"title_color\":\"\",\"meta_transition\":\"\",\"meta_margin\":\"\",\"content_transition\":\"\",\"content_style\":\"\",\"text_align_breakpoint\":\"\",\"text_align_fallback\":\"\",\"maxwidth\":\"\",\"maxwidth_breakpoint\":\"\",\"item_animation\":\"none\",\"visibility\":\"\",\"overlay_hover\":false,\"image_width\":\"850\",\"meta_color\":\"\",\"link_type\":\"element\",\"link_text\":\"Read more\",\"link_style\":\"default\",\"block_align\":\"\",\"title_font_family\":\"\",\"title_margin\":\"\",\"content_margin\":\"\",\"link_transition\":\"\",\"link_size\":\"\",\"link_margin\":\"\",\"position\":\"\",\"position_z_index\":\"\",\"block_align_breakpoint\":\"\",\"block_align_fallback\":\"\",\"grid_masonry\":true},\"children\":[{\"name\":\"\",\"type\":\"gallery_item\",\"props\":{\"title\":\"Printanje i uvezivanje\",\"image\":\"wp-content\\\/uploads\\\/1_Page_5.jpg\",\"text_color\":\"\",\"content\":\"\n\n<p><a class=\\\"uk-button uk-button-text\\\">More Details<\\\/a><\\\/p>\",\"link\":\"index.php?page_id=29\",\"hover_image\":null,\"meta\":\"\"}},{\"name\":\"\",\"type\":\"gallery_item\",\"props\":{\"title\":\"Plotanje\",\"image\":\"wp-content\\\/uploads\\\/1_Page_4.jpg\",\"text_color\":\"\",\"content\":\"\n\n<p><a class=\\\"uk-button uk-button-text\\\">More Details<\\\/a><\\\/p>\",\"link\":\"index.php?page_id=30\",\"hover_image\":null,\"meta\":\"\\u0160tampa velikih formata\"}}]}]}]},{\"name\":\"\",\"type\":\"row\",\"props\":{\"layout\":\"1-1\",\"breakpoint\":\"m\",\"fixed_width\":\"large\",\"gutter\":\"small\",\"width\":\"\",\"width_expand\":\"\",\"height\":\"\",\"margin\":\"\"},\"children\":[{\"name\":\"\",\"type\":\"column\",\"props\":{\"widths\":[\"1-1\"],\"image_position\":\"center-center\",\"vertical_align\":\"\",\"style\":\"\",\"text_color\":\"\",\"padding\":\"\",\"media_overlay_gradient\":\"\"},\"children\":[{\"name\":\"\",\"type\":\"gallery\",\"props\":{\"show_title\":true,\"show_meta\":true,\"show_content\":false,\"show_link\":true,\"show_hover_image\":true,\"grid_default\":\"1\",\"grid_medium\":\"3\",\"filter_style\":\"tab\",\"filter_all\":true,\"filter_position\":\"top\",\"filter_align\":\"left\",\"filter_grid_width\":\"auto\",\"filter_breakpoint\":\"m\",\"overlay_mode\":\"caption\",\"overlay_position\":\"center\",\"overlay_transition\":\"fade\",\"title_element\":\"h3\",\"meta_style\":\"\",\"meta_align\":\"below-title\",\"text_align\":\"center\",\"margin\":\"\",\"gutter\":\"small\",\"grid_small\":\"2\",\"grid_large\":\"\",\"grid_xlarge\":\"\",\"filter_margin\":\"\",\"filter_gutter\":\"\",\"title_display\":\"\",\"content_display\":\"\",\"item_maxwidth\":\"\",\"overlay_style\":\"overlay-default\",\"text_color\":\"\",\"overlay_padding\":\"large\",\"overlay_margin\":\"small\",\"overlay_maxwidth\":\"\",\"image_transition\":\"scale-up\",\"image_box_shadow\":\"\",\"image_hover_box_shadow\":\"\",\"image_box_decoration\":\"\",\"title_transition\":\"\",\"title_style\":\"h2\",\"title_decoration\":\"\",\"title_color\":\"\",\"meta_transition\":\"\",\"meta_margin\":\"\",\"content_transition\":\"\",\"content_style\":\"\",\"text_align_breakpoint\":\"\",\"text_align_fallback\":\"\",\"maxwidth\":\"\",\"maxwidth_breakpoint\":\"\",\"item_animation\":\"none\",\"visibility\":\"\",\"overlay_hover\":false,\"image_width\":\"850\",\"meta_color\":\"\",\"link_type\":\"element\",\"link_text\":\"Read more\",\"link_style\":\"default\",\"block_align\":\"\",\"title_font_family\":\"\",\"title_margin\":\"\",\"content_margin\":\"\",\"link_transition\":\"\",\"link_size\":\"\",\"link_margin\":\"\",\"position\":\"\",\"position_z_index\":\"\",\"block_align_breakpoint\":\"\",\"block_align_fallback\":\"\"},\"children\":[{\"name\":\"\",\"type\":\"gallery_item\",\"props\":{\"title\":\"Promo\",\"image\":\"wp-content\\\/uploads\\\/1_Page_1.jpg\",\"text_color\":\"\",\"content\":\"\n\n<p><a class=\\\"uk-button uk-button-text\\\">More Details<\\\/a><\\\/p>\",\"link\":\"index.php?page_id=29\",\"hover_image\":null,\"meta\":\"Olovke, upaljaci, rokovnici.... \"}},{\"name\":\"\",\"type\":\"gallery_item\",\"props\":{\"title\":\"Pokloni\",\"image\":\"wp-content\\\/uploads\\\/1_Page_2.jpg\",\"text_color\":\"\",\"content\":\"\n\n<p><a class=\\\"uk-button uk-button-text\\\">More Details<\\\/a><\\\/p>\",\"link\":\"index.php?page_id=29\",\"hover_image\":null,\"meta\":\"\\u0160olje,otiraci,led lampe,zippo...\"}},{\"name\":\"\",\"type\":\"gallery_item\",\"props\":{\"title\":\"DTF \",\"image\":\"wp-content\\\/uploads\\\/1_Page_3.jpg\",\"text_color\":\"\",\"content\":\"\n\n<p><a class=\\\"uk-button uk-button-text\\\">More Details<\\\/a><\\\/p>\",\"link\":\"index.php?page_id=29\",\"hover_image\":null,\"meta\":\"Print majica,cekera,tekstila....\"}}]}]}]}]}],\"version\":\"1.21.9\",\"props\":[]} --><\/p>\n","protected":false},"excerpt":{"rendered":"<p>Plotanje \u0160tampa Velikih formata Promo materijal Upalja\u010di, olovke, PVC kartice&#8230; DTF Print na tekstilu, Majice, cekeri&#8230; Copy centar Printanje, kopiranje uvezivanje&#8230;. Na\u0161e usluge: Printanje i uvezivanje More Details Plotanje \u0160tampa velikih formata More Details Promo Olovke, upaljaci, rokovnici&#8230;. More Details Pokloni \u0160olje,otiraci,led lampe,zippo&#8230; More Details DTF Print majica,cekera,tekstila&#8230;. More Details<\/p>\n","protected":false},"author":1,"featured_media":0,"parent":0,"menu_order":10,"comment_status":"closed","ping_status":"closed","template":"","meta":{"footnotes":""},"class_list":["post-21","page","type-page","status-publish","hentry"],"jetpack_sharing_enabled":true,"_links":{"self":[{"href":"https:\/\/copy.ba\/index.php?rest_route=\/wp\/v2\/pages\/21","targetHints":{"allow":["GET"]}}],"collection":[{"href":"https:\/\/copy.ba\/index.php?rest_route=\/wp\/v2\/pages"}],"about":[{"href":"https:\/\/copy.ba\/index.php?rest_route=\/wp\/v2\/types\/page"}],"author":[{"embeddable":true,"href":"https:\/\/copy.ba\/index.php?rest_route=\/wp\/v2\/users\/1"}],"replies":[{"embeddable":true,"href":"https:\/\/copy.ba\/index.php?rest_route=%2Fwp%2Fv2%2Fcomments&post=21"}],"version-history":[{"count":61,"href":"https:\/\/copy.ba\/index.php?rest_route=\/wp\/v2\/pages\/21\/revisions"}],"predecessor-version":[{"id":409,"href":"https:\/\/copy.ba\/index.php?rest_route=\/wp\/v2\/pages\/21\/revisions\/409"}],"wp:attachment":[{"href":"https:\/\/copy.ba\/index.php?rest_route=%2Fwp%2Fv2%2Fmedia&parent=21"}],"curies":[{"name":"wp","href":"https:\/\/api.w.org\/{rel}","templated":true}]}}